{"id":2568,"date":"2024-06-02T10:13:21","date_gmt":"2024-06-02T08:13:21","guid":{"rendered":"https:\/\/www.kulturimcontainer.ch\/?page_id=2568"},"modified":"2024-07-15T22:52:44","modified_gmt":"2024-07-15T20:52:44","slug":"owni","status":"publish","type":"page","link":"https:\/\/www.kulturimcontainer.ch\/fr\/owni\/","title":{"rendered":"Owni"},"content":{"rendered":"<div class=\"entry\">\n<h5>Vendredi 16.8 | 19:30<\/h5>\n<p>&nbsp;<\/p>\n<p>Qui est Owni?<\/p>\n<p>Owni c\u2019est \u00e0 la fois ovni et omni, convaincu qu\u2019il n\u2019y a pas singularit\u00e9 sans similarit\u00e9s. L\u2019auteur-compositeur-interpr\u00e8te suisse \u00e2g\u00e9 de 21 ans m\u00e9lange pop l\u00e9g\u00e8re et chanson fran\u00e7aise m\u00e9lancolique et onirique. \u00c9tudiant en sociologie, il est sensible aux identit\u00e9s et aux liens sociaux et s\u2019en inspire pour \u00e9crire ses textes. Avec sa plume et sa douceur, il se fait guerrier de lumi\u00e8re et essaie de cr\u00e9er un endroit o\u00f9 tout le monde peut se retrouver et r\u00eaver.<\/p>\n<p>Il est l\u2019artiste encadr\u00e9 par le programme \u00abInkuba\u00bb (par Catalyse) pour la saison 2024-2025.<\/p>\n<p><img loading=\"lazy\" decoding=\"async\" class=\"alignnone wp-image-2559\" src=\"https:\/\/www.kulturimcontainer.ch\/wp-content\/uploads\/2024\/06\/Owni-300x300.png\" alt=\"\" width=\"350\" height=\"350\" srcset=\"https:\/\/www.kulturimcontainer.ch\/wp-content\/uploads\/2024\/06\/Owni-300x300.png 300w, https:\/\/www.kulturimcontainer.ch\/wp-content\/uploads\/2024\/06\/Owni-150x150.png 150w, https:\/\/www.kulturimcontainer.ch\/wp-content\/uploads\/2024\/06\/Owni-768x771.png 768w, https:\/\/www.kulturimcontainer.ch\/wp-content\/uploads\/2024\/06\/Owni.png 786w\" sizes=\"auto, (max-width: 350px) 100vw, 350px\" \/><\/p>\n<\/div>\n","protected":false},"excerpt":{"rendered":"<p>Vendredi 16.8 | 19:30 &nbsp; Qui est Owni? Owni c\u2019est \u00e0 la fois ovni et omni, convaincu qu\u2019il n\u2019y a pas singularit\u00e9 sans similarit\u00e9s. L\u2019auteur-compositeur-interpr\u00e8te suisse \u00e2g\u00e9 de 21 ans m\u00e9lange pop l\u00e9g\u00e8re et chanson fran\u00e7aise m\u00e9lancolique et onirique. \u00c9tudiant en sociologie, il est sensible aux identit\u00e9s et aux liens sociaux et s\u2019en inspire pour &#8230;<\/p>\n","protected":false},"author":5,"featured_media":0,"parent":0,"menu_order":0,"comment_status":"closed","ping_status":"closed","template":"","meta":{"_acf_changed":false,"footnotes":""},"class_list":["post-2568","page","type-page","status-publish"],"acf":[],"_links":{"self":[{"href":"https:\/\/www.kulturimcontainer.ch\/fr\/wp-json\/wp\/v2\/pages\/2568","targetHints":{"allow":["GET"]}}],"collection":[{"href":"https:\/\/www.kulturimcontainer.ch\/fr\/wp-json\/wp\/v2\/pages"}],"about":[{"href":"https:\/\/www.kulturimcontainer.ch\/fr\/wp-json\/wp\/v2\/types\/page"}],"author":[{"embeddable":true,"href":"https:\/\/www.kulturimcontainer.ch\/fr\/wp-json\/wp\/v2\/users\/5"}],"replies":[{"embeddable":true,"href":"https:\/\/www.kulturimcontainer.ch\/fr\/wp-json\/wp\/v2\/comments?post=2568"}],"version-history":[{"count":3,"href":"https:\/\/www.kulturimcontainer.ch\/fr\/wp-json\/wp\/v2\/pages\/2568\/revisions"}],"predecessor-version":[{"id":2631,"href":"https:\/\/www.kulturimcontainer.ch\/fr\/wp-json\/wp\/v2\/pages\/2568\/revisions\/2631"}],"wp:attachment":[{"href":"https:\/\/www.kulturimcontainer.ch\/fr\/wp-json\/wp\/v2\/media?parent=2568"}],"curies":[{"name":"wp","href":"https:\/\/api.w.org\/{rel}","templated":true}]}}