{"id":2720,"date":"2024-08-07T11:16:37","date_gmt":"2024-08-07T09:16:37","guid":{"rendered":"https:\/\/www.kulturimcontainer.ch\/?page_id=2720"},"modified":"2024-08-09T10:25:51","modified_gmt":"2024-08-09T08:25:51","slug":"alex","status":"publish","type":"page","link":"https:\/\/www.kulturimcontainer.ch\/fr\/alex\/","title":{"rendered":"Alex"},"content":{"rendered":"<div class=\"entry\">\n<h6>Exposition du 21 au 24 ao\u00fbt 2024<\/h6>\n<p>&nbsp;<\/p>\n<p>Une tentative de montrer le monde \u00e0 travers mes yeux : la cam\u00e9ra doit souvent rester en retrait pour ne pas influencer ce qui se passe. Parfois, je veux offrir une autre perspective sur ce que j&rsquo;ai v\u00e9cu, afin d\u2019organiser et de conserver ma masse parfois homog\u00e8ne de souvenirs.<\/p>\n<p>Je souhaite participer aux sorties \u00e0 v\u00e9lo, aux \u00e9v\u00e9nements, aux moments partag\u00e9s avec mes ami(e)s, aux randonn\u00e9es et aux tours de ski exactement de la m\u00eame mani\u00e8re, sauf que j\u2019aurai une cam\u00e9ra avec moi.<\/p>\n<p>Une tentative de repr\u00e9senter mes \u00e9motions pendant la d\u00e9pression \u00e0 travers des autoportraits, pour les rendre un peu plus tangibles, afin de pouvoir, dans les moments o\u00f9 j\u2019en ai la capacit\u00e9, les affronter.<\/p>\n<p><img loading=\"lazy\" decoding=\"async\" class=\"alignnone wp-image-2717\" src=\"https:\/\/www.kulturimcontainer.ch\/wp-content\/uploads\/2024\/08\/HS5uCmkX-200x300.jpeg\" alt=\"\" width=\"292\" height=\"438\" srcset=\"https:\/\/www.kulturimcontainer.ch\/wp-content\/uploads\/2024\/08\/HS5uCmkX-200x300.jpeg 200w, https:\/\/www.kulturimcontainer.ch\/wp-content\/uploads\/2024\/08\/HS5uCmkX-683x1024.jpeg 683w, https:\/\/www.kulturimcontainer.ch\/wp-content\/uploads\/2024\/08\/HS5uCmkX-768x1152.jpeg 768w, https:\/\/www.kulturimcontainer.ch\/wp-content\/uploads\/2024\/08\/HS5uCmkX-1024x1536.jpeg 1024w, https:\/\/www.kulturimcontainer.ch\/wp-content\/uploads\/2024\/08\/HS5uCmkX.jpeg 1365w\" sizes=\"auto, (max-width: 292px) 100vw, 292px\" \/><\/p>\n<\/div>\n","protected":false},"excerpt":{"rendered":"<p>Exposition du 21 au 24 ao\u00fbt 2024 &nbsp; Une tentative de montrer le monde \u00e0 travers mes yeux : la cam\u00e9ra doit souvent rester en retrait pour ne pas influencer ce qui se passe. Parfois, je veux offrir une autre perspective sur ce que j&rsquo;ai v\u00e9cu, afin d\u2019organiser et de conserver ma masse parfois homog\u00e8ne &#8230;<\/p>\n","protected":false},"author":5,"featured_media":0,"parent":0,"menu_order":0,"comment_status":"closed","ping_status":"closed","template":"","meta":{"_acf_changed":false,"footnotes":""},"class_list":["post-2720","page","type-page","status-publish"],"acf":[],"_links":{"self":[{"href":"https:\/\/www.kulturimcontainer.ch\/fr\/wp-json\/wp\/v2\/pages\/2720","targetHints":{"allow":["GET"]}}],"collection":[{"href":"https:\/\/www.kulturimcontainer.ch\/fr\/wp-json\/wp\/v2\/pages"}],"about":[{"href":"https:\/\/www.kulturimcontainer.ch\/fr\/wp-json\/wp\/v2\/types\/page"}],"author":[{"embeddable":true,"href":"https:\/\/www.kulturimcontainer.ch\/fr\/wp-json\/wp\/v2\/users\/5"}],"replies":[{"embeddable":true,"href":"https:\/\/www.kulturimcontainer.ch\/fr\/wp-json\/wp\/v2\/comments?post=2720"}],"version-history":[{"count":2,"href":"https:\/\/www.kulturimcontainer.ch\/fr\/wp-json\/wp\/v2\/pages\/2720\/revisions"}],"predecessor-version":[{"id":2771,"href":"https:\/\/www.kulturimcontainer.ch\/fr\/wp-json\/wp\/v2\/pages\/2720\/revisions\/2771"}],"wp:attachment":[{"href":"https:\/\/www.kulturimcontainer.ch\/fr\/wp-json\/wp\/v2\/media?parent=2720"}],"curies":[{"name":"wp","href":"https:\/\/api.w.org\/{rel}","templated":true}]}}