{"id":3422,"date":"2026-05-13T18:55:21","date_gmt":"2026-05-13T16:55:21","guid":{"rendered":"https:\/\/www.kulturimcontainer.ch\/?page_id=3422"},"modified":"2026-05-13T18:59:54","modified_gmt":"2026-05-13T16:59:54","slug":"lilac","status":"publish","type":"page","link":"https:\/\/www.kulturimcontainer.ch\/fr\/lilac\/","title":{"rendered":"Lilac"},"content":{"rendered":"<div class=\"entry\">\n<p>Lilac \u2013 duo vocal avec piano et guitare. Enya Scheurer &amp; Michael Wunderlin pr\u00e9sentent leurs propres chansons ainsi que des reprises finement interpr\u00e9t\u00e9es dans un univers pop moderne, sensible, polyvalent et m\u00ealant diff\u00e9rents genres \u2013 avec c\u0153ur et passion musicale.<\/p>\n<p><img loading=\"lazy\" decoding=\"async\" class=\"alignnone  wp-image-3417\" src=\"https:\/\/www.kulturimcontainer.ch\/wp-content\/uploads\/2026\/05\/lilac-300x167.jpeg\" alt=\"\" width=\"388\" height=\"216\" srcset=\"https:\/\/www.kulturimcontainer.ch\/wp-content\/uploads\/2026\/05\/lilac-300x167.jpeg 300w, https:\/\/www.kulturimcontainer.ch\/wp-content\/uploads\/2026\/05\/lilac-1024x570.jpeg 1024w, https:\/\/www.kulturimcontainer.ch\/wp-content\/uploads\/2026\/05\/lilac-768x428.jpeg 768w, https:\/\/www.kulturimcontainer.ch\/wp-content\/uploads\/2026\/05\/lilac-1536x855.jpeg 1536w, https:\/\/www.kulturimcontainer.ch\/wp-content\/uploads\/2026\/05\/lilac.jpeg 1600w\" sizes=\"auto, (max-width: 388px) 100vw, 388px\" \/><\/p>\n<\/div>\n","protected":false},"excerpt":{"rendered":"<p>Lilac \u2013 duo vocal avec piano et guitare. Enya Scheurer &amp; Michael Wunderlin pr\u00e9sentent leurs propres chansons ainsi que des reprises finement interpr\u00e9t\u00e9es dans un univers pop moderne, sensible, polyvalent et m\u00ealant diff\u00e9rents genres \u2013 avec c\u0153ur et passion musicale.<\/p>\n","protected":false},"author":5,"featured_media":0,"parent":0,"menu_order":0,"comment_status":"closed","ping_status":"closed","template":"","meta":{"_acf_changed":false,"footnotes":""},"class_list":["post-3422","page","type-page","status-publish"],"acf":[],"_links":{"self":[{"href":"https:\/\/www.kulturimcontainer.ch\/fr\/wp-json\/wp\/v2\/pages\/3422","targetHints":{"allow":["GET"]}}],"collection":[{"href":"https:\/\/www.kulturimcontainer.ch\/fr\/wp-json\/wp\/v2\/pages"}],"about":[{"href":"https:\/\/www.kulturimcontainer.ch\/fr\/wp-json\/wp\/v2\/types\/page"}],"author":[{"embeddable":true,"href":"https:\/\/www.kulturimcontainer.ch\/fr\/wp-json\/wp\/v2\/users\/5"}],"replies":[{"embeddable":true,"href":"https:\/\/www.kulturimcontainer.ch\/fr\/wp-json\/wp\/v2\/comments?post=3422"}],"version-history":[{"count":1,"href":"https:\/\/www.kulturimcontainer.ch\/fr\/wp-json\/wp\/v2\/pages\/3422\/revisions"}],"predecessor-version":[{"id":3423,"href":"https:\/\/www.kulturimcontainer.ch\/fr\/wp-json\/wp\/v2\/pages\/3422\/revisions\/3423"}],"wp:attachment":[{"href":"https:\/\/www.kulturimcontainer.ch\/fr\/wp-json\/wp\/v2\/media?parent=3422"}],"curies":[{"name":"wp","href":"https:\/\/api.w.org\/{rel}","templated":true}]}}